{"id":52,"date":"2025-02-10T07:36:39","date_gmt":"2025-02-10T06:36:39","guid":{"rendered":"https:\/\/makowisko.przemyska.pl\/index.php\/mesmerize\/"},"modified":"2025-02-10T12:43:52","modified_gmt":"2025-02-10T11:43:52","slug":"mesmerize","status":"publish","type":"page","link":"https:\/\/makowisko.przemyska.pl\/","title":{"rendered":"Strona G\u0142\u00f3wna"},"content":{"rendered":"<div  id=\"overlappable-4\" style=\"background-color: #ffffff;\" data-label=\"Overlappable\" data-id=\"overlappable-4\" data-export-id=\"overlappable-4\" data-category=\"overlappable\" class=\"overlappable-4 content-section content-section-spacing\" data-overlap=\"true\"><div  class=\"gridContainer\"> <div  data-type=\"row\" class=\"row spaced-cols text-center\"><div  class=\"col-xs-12 col-sm-4 col-padding\"> <i  class=\"fa icon shadow-large-black aligncenter color1 fa-bell reverse round large\"><\/i> <div  data-type=\"column\" class=\"\"> <h5  class=\"\">Msze \u015awi\u0119te<\/h5> <p  class=\"\">W dni powszednie: 18:00<br >w okresie zimowym: 16:30<br >Niedziele i \u015bwi\u0119ta: 8:30 i 11:00<\/p><\/div> <\/div> <div  class=\"col-xs-12 col-sm-4 col-padding\"> <i  class=\"fa icon shadow-large-black aligncenter color1 fa-image reverse round large\"><\/i> <div  data-type=\"column\" class=\"\"><h5  class=\"\">Galeria<\/h5> <p  class=\"\">Galeria zdj\u0119\u0107 z \u017cycia parafii<\/p><\/div> <\/div> <div  class=\"col-xs-12 col-sm-4 col-padding\"> <i  class=\"fa icon shadow-large-black aligncenter color1 fa-bell-o reverse round large\"><\/i> <div  data-type=\"column\" class=\"\"><h5  class=\"\">Wa\u017cne<\/h5> <p  class=\"\">Informacje<\/p><\/div> <\/div><\/div> <\/div><\/div><div  id=\"latest-news-1\" style=\"background-color: rgb(245, 250, 253); background-image: none;\" data-label=\"Latest-news\" data-id=\"blog-section\" data-export-id=\"blog-section\" data-category=\"latest_news\" class=\"blog-section blog-section-standard content-section content-section-spacing\"><div  class=\"gridContainer\"> <div  class=\"row\"><div  data-type=\"column\" class=\"section-title-col\"> <h2  class=\"\">Najnowsze wiadomo\u015bci<\/h2> <\/div> <\/div> <div  class=\"row\"> <div  data-type=\"row\" data-dynamic-columns=\"handled\" data-content-shortcode=\"mesmerize_latest_news\">\t\t<div class=\"row center-sm content-left-sm\">\n\t\t\t\t\t<div id=\"post-108\" class=\"col-sm-6 col-md-4 space-bottom space-bottom-xs\">\n\t\t\t\t<div class=\"post-content card y-move bordered\">\n\t\t\t\t\t<div class=\"post-thumbnail\">\n   <a href=\"https:\/\/makowisko.przemyska.pl\/index.php\/2025\/02\/10\/v-niedziela-zwykla-09-02-2024r\/\" class=\"post-list-item-thumb \">\n      <img loading=\"lazy\" decoding=\"async\" width=\"800\" height=\"400\" src=\"https:\/\/makowisko.przemyska.pl\/wp-content\/uploads\/2025\/02\/443840605_411547301798045_286243894840697685_n.jpg\" class=\"attachment-post-thumbnail size-post-thumbnail wp-post-image\" alt=\"\" srcset=\"https:\/\/makowisko.przemyska.pl\/wp-content\/uploads\/2025\/02\/443840605_411547301798045_286243894840697685_n.jpg 800w, https:\/\/makowisko.przemyska.pl\/wp-content\/uploads\/2025\/02\/443840605_411547301798045_286243894840697685_n-300x150.jpg 300w, https:\/\/makowisko.przemyska.pl\/wp-content\/uploads\/2025\/02\/443840605_411547301798045_286243894840697685_n-768x384.jpg 768w\" sizes=\"auto, (max-width: 800px) 100vw, 800px\" \/>   <\/a>\n<\/div>\n\t\t\t\t\t<div class=\"col-padding col-padding-xs\">\n\t\t\t\t\t\t<h3 class=\"post-title space-bottom-small\">\n\t\t\t\t\t\t\t<a href=\"https:\/\/makowisko.przemyska.pl\/index.php\/2025\/02\/10\/v-niedziela-zwykla-09-02-2024r\/\" rel=\"bookmark\">\n\t\t\t\t\t\t\t\tV Niedziela zwyk\u0142a (09.02.2024r.)\t\t\t\t\t\t\t<\/a>\n\t\t\t\t\t\t<\/h3>\n\t\t\t\t\t\t<p>B\u00f3g zap\u0142a\u0107 za rozebranie choinek i szopki druhom z OSP Makowisko. B\u00f3g zap\u0142a\u0107 za sprz\u0105tanie ko\u015bcio\u0142a: Duliban Ma\u0142gorzata, Brzuszek Kazimiera, Benc Ewa, Tynek Urszula, Gudziej Janina. We wtorek \u015awiatowy Dzie\u0144[&hellip;]<\/p>\n\t\t\t\t\t\t<a class=\"read-more link\" href=\"https:\/\/makowisko.przemyska.pl\/index.php\/2025\/02\/10\/v-niedziela-zwykla-09-02-2024r\/\">\n\t\t\t\t\t\t\tRead more\t\t\t\t\t\t<\/a>\n\t\t\t\t\t<\/div>\n\t\t\t\t<\/div>\n\t\t\t<\/div>\n\t\t\t\t\t\t<div id=\"post-104\" class=\"col-sm-6 col-md-4 space-bottom space-bottom-xs\">\n\t\t\t\t<div class=\"post-content card y-move bordered\">\n\t\t\t\t\t<div class=\"post-thumbnail\">\n   <a href=\"https:\/\/makowisko.przemyska.pl\/index.php\/2025\/02\/10\/sw-jan-pawel-ii\/\" class=\"post-list-item-thumb \">\n      <img loading=\"lazy\" decoding=\"async\" width=\"720\" height=\"900\" src=\"https:\/\/makowisko.przemyska.pl\/wp-content\/uploads\/2025\/02\/476443869_590884530530987_3313440658707885934_n.jpg\" class=\"attachment-post-thumbnail size-post-thumbnail wp-post-image\" alt=\"\" srcset=\"https:\/\/makowisko.przemyska.pl\/wp-content\/uploads\/2025\/02\/476443869_590884530530987_3313440658707885934_n.jpg 720w, https:\/\/makowisko.przemyska.pl\/wp-content\/uploads\/2025\/02\/476443869_590884530530987_3313440658707885934_n-240x300.jpg 240w\" sizes=\"auto, (max-width: 720px) 100vw, 720px\" \/>   <\/a>\n<\/div>\n\t\t\t\t\t<div class=\"col-padding col-padding-xs\">\n\t\t\t\t\t\t<h3 class=\"post-title space-bottom-small\">\n\t\t\t\t\t\t\t<a href=\"https:\/\/makowisko.przemyska.pl\/index.php\/2025\/02\/10\/sw-jan-pawel-ii\/\" rel=\"bookmark\">\n\t\t\t\t\t\t\t\t\u015aw. Jan Pawe\u0142 II\t\t\t\t\t\t\t<\/a>\n\t\t\t\t\t\t<\/h3>\n\t\t\t\t\t\t\t\t\t\t\t\t<a class=\"read-more link\" href=\"https:\/\/makowisko.przemyska.pl\/index.php\/2025\/02\/10\/sw-jan-pawel-ii\/\">\n\t\t\t\t\t\t\tRead more\t\t\t\t\t\t<\/a>\n\t\t\t\t\t<\/div>\n\t\t\t\t<\/div>\n\t\t\t<\/div>\n\t\t\t\t\t\t<div id=\"post-48\" class=\"col-sm-6 col-md-4 space-bottom space-bottom-xs\">\n\t\t\t\t<div class=\"post-content card y-move bordered\">\n\t\t\t\t\t<div class=\"post-thumbnail\">\n   <a href=\"https:\/\/makowisko.przemyska.pl\/index.php\/2025\/02\/06\/intencje-mszalne-2-02-2025-r\/\" class=\"post-list-item-thumb \">\n      <img loading=\"lazy\" decoding=\"async\" width=\"1024\" height=\"512\" src=\"https:\/\/makowisko.przemyska.pl\/wp-content\/uploads\/2025\/02\/1-1-1024x512.jpg\" class=\"attachment-post-thumbnail size-post-thumbnail wp-post-image\" alt=\"\" srcset=\"https:\/\/makowisko.przemyska.pl\/wp-content\/uploads\/2025\/02\/1-1-1024x512.jpg 1024w, https:\/\/makowisko.przemyska.pl\/wp-content\/uploads\/2025\/02\/1-1-300x150.jpg 300w, https:\/\/makowisko.przemyska.pl\/wp-content\/uploads\/2025\/02\/1-1-768x384.jpg 768w, https:\/\/makowisko.przemyska.pl\/wp-content\/uploads\/2025\/02\/1-1.jpg 1200w\" sizes=\"auto, (max-width: 1024px) 100vw, 1024px\" \/>   <\/a>\n<\/div>\n\t\t\t\t\t<div class=\"col-padding col-padding-xs\">\n\t\t\t\t\t\t<h3 class=\"post-title space-bottom-small\">\n\t\t\t\t\t\t\t<a href=\"https:\/\/makowisko.przemyska.pl\/index.php\/2025\/02\/06\/intencje-mszalne-2-02-2025-r\/\" rel=\"bookmark\">\n\t\t\t\t\t\t\t\tIntencje mszalne 2.02.2025 r.\t\t\t\t\t\t\t<\/a>\n\t\t\t\t\t\t<\/h3>\n\t\t\t\t\t\t<p>Poniedzia\u0142ek: 1. O b\u0142ogos\u0142awie\u0144stwo Bo\u017ce. 2. ++Jacek, Weronika, Marcin i zmarli z Rodziny W\u0119glarz\u00f3w. 3. +Stanis\u0142aw Kosiorowski. Wtorek: 1. O b\u0142ogos\u0142awie\u0144stwo Bo\u017ce. 2. +Tomasz Ga\u0142\u0119za. 3. +Micha\u0142 Kwietniowski. \u015aroda: 1.[&hellip;]<\/p>\n\t\t\t\t\t\t<a class=\"read-more link\" href=\"https:\/\/makowisko.przemyska.pl\/index.php\/2025\/02\/06\/intencje-mszalne-2-02-2025-r\/\">\n\t\t\t\t\t\t\tRead more\t\t\t\t\t\t<\/a>\n\t\t\t\t\t<\/div>\n\t\t\t\t<\/div>\n\t\t\t<\/div>\n\t\t\t\t<\/div>\n\t<\/div><\/div> <div  class=\"row\"><div  class=\"text-center\"> <a  class=\"button color1\" data-attr-shortcode=\"href:mesmerize_blog_link\" href=\"https:\/\/makowisko.przemyska.pl\/index.php\/blog\/\">Zobacz wszystkie<\/a><\/div> <\/div><\/div><\/div><div  id=\"content-13\" style=\"background-color: #f5fafd;\" data-label=\"Content\" data-id=\"content-2\" data-export-id=\"content-2\" data-category=\"content\" class=\"content-2 content-section content-section-spacing\"><div > <div  class=\"row middle-xs\"><div  class=\"col-sm-5 bg-image shadow-large-black\" data-bg=\"image\" style=\"background-image: url(&quot;https:\/\/makowisko.przemyska.pl\/wp-content\/uploads\/2025\/02\/cropped-469891376_549063861379721_1277774539035160193_n.jpg&quot;);\"><\/div> <div  class=\"col-sm-7 full-col-left-padding full-col-right-padding\"> <div  class=\"row\"> <div  data-type=\"column\" class=\"space-bottom-small content-title-col\">  <h2  class=\"\">Sakramenty&nbsp;\u0142ac. sacramentum, st.gr. \u03bc\u03c5\u03c3\u03c4\u03ae\u03c1\u03b9\u03bf\u03bd [myst\u0113rion]<\/h2> <p  class=\"\">Sakrament jest to znak widzialny, ustanowiony przez Pana Jezusa, kt\u00f3ry daje ludziom niewidzialn\u0105 \u0142ask\u0119 Bo\u017c\u0105. W Jezusie Chrystusie niewidzialny B\u00f3g sta\u0142 si\u0119 nam bliski, dost\u0119pny, widzialny. Po wniebowst\u0105pieniu Chrystusa to, \u201eco widzialne by\u0142o w naszym Zbawicielu przesz\u0142o w Sakramenty\u201d (Leon Wielki). Sakramenty uobecniaj\u0105 wi\u0119c Chrystusa, Jego \u017cycie, \u015bmier\u0107 i zmartwychwstanie, Jego zbawcz\u0105 mi\u0142o\u015b\u0107 do cz\u0142owieka, kt\u00f3ry mo\u017ce tej mi\u0142o\u015bci uwierzy\u0107 lub j\u0105 odrzuci\u0107. Celem Sakrament\u00f3w jest u\u015bwi\u0119cenie cz\u0142owieka.<\/p><\/div> <\/div> <div  class=\"row spaced-cols \" data-type=\"row\"> <div  class=\"col-xs-6\" data-type=\"column\"> <h5  class=\"\">Sakramenty wtajemniczenia chrze\u015bcija\u0144skiego<\/h5> <p  class=\"\">Chrzest\n<br >Bierzmowanie\n<br >Eucharystia<\/p><\/div> <div  class=\"col-xs-6\" data-type=\"column\"><h5  class=\"\">Sakramenty s\u0142u\u017c\u0105ce komunii i pos\u0142aniu wiernych<\/h5> <p  class=\"\">Sakrament \u015bwi\u0119ce\u0144\n<br >Ma\u0142\u017ce\u0144stwo<\/p><\/div> <div  class=\"col-xs-6\" data-type=\"column\"><h5  class=\"\">Sakramenty uzdrowienia&nbsp;<\/h5> <p  class=\"\">Pokuta\n<br >Namaszczenie chorych<\/p><\/div> <div  class=\"col-xs-6\" data-type=\"column\"> <p  class=\"\">Wszystkie sakramenty s\u0105 skierowane na Eucharysti\u0119 \u201ejak do swego celu\u201d (\u015bw. Tomasz).<\/p><\/div> <\/div><\/div> <\/div><\/div> <\/div><div  data-label=\"About\" data-id=\"about--1\" data-export-id=\"about-1\" data-category=\"about\" class=\"about-1 content-section\" id=\"about-1\" style=\"background-color: rgb(245, 250, 253);\"><div  class=\"gridContainer\"> <div  class=\"row text-center\"><div  class=\"section-title-col\" data-type=\"column\">  <h2  class=\"\">Abp Szal po\u015bwi\u0119ci\u0142 nowy o\u0142tarz<\/h2> <p  class=\"lead\">W niedziel\u0119, 24 listopada 2024 r., w uroczysto\u015b\u0107 Jezusa Chrystusa Kr\u00f3la Wszech\u015bwiata, abp Adam Szal konsekrowa\u0142 nowy o\u0142tarz w ko\u015bciele parafialnymW niedziel\u0119, 24 listopada 2024 r., w uroczysto\u015b\u0107 Jezusa Chrystusa Kr\u00f3la Wszech\u015bwiata, abp Adam Szal konsekrowa\u0142 nowy o\u0142tarz w ko\u015bciele parafialnym<\/p><\/div> <\/div> <div  class=\"row\"> <div  class=\"button-holder space-bottom space-bottom-small\" data-type=\"column\"><a  class=\"button blue\" href=\"https:\/\/makowisko.przemyska.pl\/index.php\/category\/wiadomosci\" target=\"_self\" data-cp-link=\"1\">Wiadomo\u015bci<\/a> <\/div> <div  class=\"col-xs bottom-xs flexbox image-group-bottom-3-img space-bottom-xs center-xs\"> <img  decoding=\"async\" class=\"left-img shadow-large-black\" data-size=\"500x300\" src=\"https:\/\/makowisko.przemyska.pl\/wp-content\/uploads\/2025\/02\/cropped-cropped-470062782_549059191380188_2395515080368612881_n-1.jpg\" title=\"cropped-cropped-470062782_549059191380188_2395515080368612881_n-1.jpg\" alt=\"\"> <img  decoding=\"async\" class=\"center-img shadow-large-black\" data-size=\"500x300\" src=\"https:\/\/makowisko.przemyska.pl\/wp-content\/uploads\/2025\/02\/cropped-cropped-469846092_549063761379731_955455539654174175_n.jpg\" title=\"cropped-cropped-469846092_549063761379731_955455539654174175_n.jpg\" alt=\"\"> <a  data-cp-link=\"1\" href=\"#\" class=\"right-img-anchor\" target=\"_self\"><img  decoding=\"async\" class=\"right-img shadow-large-black\" data-size=\"500x300\" src=\"https:\/\/makowisko.przemyska.pl\/wp-content\/uploads\/2025\/02\/cropped-cropped-469884240_549062564713184_1337448547356147554_n.jpg\" title=\"cropped-469881453_549059341380173_1556520272952782401_n.jpg\" alt=\"\"><\/a><\/div> <\/div><\/div> <\/div><div  id=\"content-14\" style=\"background-color: #ffffff;\" data-label=\"Content\" data-id=\"content-3\" data-export-id=\"content-3\" data-category=\"content\" class=\"content-3 content-section content-section-spacing\"><div > <div  class=\"row middle-xs\"><div  class=\"col-sm-7 full-col-left-padding full-col-right-padding\"> <div  class=\"row\"><div  data-type=\"column\" class=\"space-bottom-small content-title-col\">  <h2  class=\"\">Parafia Tr\u00f3jcy Przenaj\u015bwi\u0119tszej \n<br >w Makowisku <\/h2> <p  class=\"\">Parafia rzymskokatolicka<\/p><\/div> <\/div> <div  class=\"row spaced-cols\" data-type=\"row\">   <div  class=\"col-xs-6\" data-type=\"column\"><h5  class=\"\">Adres<\/h5> <p  class=\"\">Makowisko 126&nbsp;<br >37-500 Jaros\u0142aw<\/p><\/div> <div  class=\"col-xs-6\" data-type=\"column\"><h5  class=\"\">Diecezja<\/h5> <p  class=\"\">Przemyska<br ><b >Dekanat<\/b><br >Jaros\u0142aw III<\/p><\/div> <\/div><\/div> <div  class=\"col-sm-5 bg-image shadow-large-black revert-classes-holder\" data-bg=\"image\" style=\"background-image: url(&quot;https:\/\/makowisko.przemyska.pl\/wp-content\/uploads\/2025\/02\/cropped-321274662_695238345501764_8931949502865858043_n-1.jpg&quot;);\"><\/div><\/div> <\/div><\/div>","protected":false},"excerpt":{"rendered":"<p>Msze \u015awi\u0119te W dni powszednie: 18:00w okresie zimowym: 16:30Niedziele i \u015bwi\u0119ta: 8:30 i 11:00 Galeria Galeria zdj\u0119\u0107 z \u017cycia parafii Wa\u017cne Informacje Najnowsze wiadomo\u015bci Zobacz wszystkie Sakramenty&nbsp;\u0142ac. sacramentum, st.gr. \u03bc\u03c5\u03c3\u03c4\u03ae\u03c1\u03b9\u03bf\u03bd [myst\u0113rion] Sakrament jest to znak widzialny, ustanowiony przez Pana Jezusa, kt\u00f3ry daje ludziom niewidzialn\u0105 \u0142ask\u0119 Bo\u017c\u0105. W Jezusie Chrystusie niewidzialny B\u00f3g sta\u0142 si\u0119 nam bliski,&hellip; <br \/> <a class=\"read-more\" href=\"https:\/\/makowisko.przemyska.pl\/index.php\/2025\/02\/06\/intencje-mszalne-2-02-2025-r\/\">Dowiedz si\u0119 wi\u0119cej<\/a><\/p>\n","protected":false},"author":1,"featured_media":0,"parent":0,"menu_order":0,"comment_status":"closed","ping_status":"closed","template":"page-templates\/homepage.php","meta":{"ngg_post_thumbnail":0,"footnotes":""},"class_list":["post-52","page","type-page","status-publish","hentry"],"_links":{"self":[{"href":"https:\/\/makowisko.przemyska.pl\/index.php\/wp-json\/wp\/v2\/pages\/52","targetHints":{"allow":["GET"]}}],"collection":[{"href":"https:\/\/makowisko.przemyska.pl\/index.php\/wp-json\/wp\/v2\/pages"}],"about":[{"href":"https:\/\/makowisko.przemyska.pl\/index.php\/wp-json\/wp\/v2\/types\/page"}],"author":[{"embeddable":true,"href":"https:\/\/makowisko.przemyska.pl\/index.php\/wp-json\/wp\/v2\/users\/1"}],"replies":[{"embeddable":true,"href":"https:\/\/makowisko.przemyska.pl\/index.php\/wp-json\/wp\/v2\/comments?post=52"}],"version-history":[{"count":10,"href":"https:\/\/makowisko.przemyska.pl\/index.php\/wp-json\/wp\/v2\/pages\/52\/revisions"}],"predecessor-version":[{"id":111,"href":"https:\/\/makowisko.przemyska.pl\/index.php\/wp-json\/wp\/v2\/pages\/52\/revisions\/111"}],"wp:attachment":[{"href":"https:\/\/makowisko.przemyska.pl\/index.php\/wp-json\/wp\/v2\/media?parent=52"}],"curies":[{"name":"wp","href":"https:\/\/api.w.org\/{rel}","templated":true}]}}