{"id":2,"date":"2025-02-06T10:59:35","date_gmt":"2025-02-06T09:59:35","guid":{"rendered":"https:\/\/makowisko.przemyska.pl\/?page_id=2"},"modified":"2025-02-06T12:11:35","modified_gmt":"2025-02-06T11:11:35","slug":"kontakt","status":"publish","type":"page","link":"https:\/\/makowisko.przemyska.pl\/index.php\/kontakt\/","title":{"rendered":"Kontakt"},"content":{"rendered":"\n<figure class=\"wp-block-image\"><img decoding=\"async\" src=\"https:\/\/static.xx.fbcdn.net\/rsrc.php\/v4\/yS\/r\/poZ_P5BwYaV.png\" alt=\"\"\/><\/figure>\n\n\n\n<p>Adres: Makowisko 126 , Makowisko, Poland, 37-500 Jaros\u0142aw<\/p>\n\n\n\n<p><\/p>\n\n\n\n<figure class=\"wp-block-image\"><img decoding=\"async\" src=\"https:\/\/static.xx.fbcdn.net\/rsrc.php\/v4\/yl\/r\/mxbGn5aKz1f.png\" alt=\"\"\/><\/figure>\n\n\n\n<ul class=\"wp-block-list\">\n<li>605 130 104 Telefon kom\u00f3rkowy do ksi\u0119dza Proboszcza<\/li>\n<\/ul>\n\n\n\n<p>Numer konta bankowego: Bank Sp\u00f3\u0142dzielczy w Jaros\u0142awiu, <br>nr: 97 9096 0004 2001 0086 2581 0001<\/p>\n\n\n\n<p><\/p>\n","protected":false},"excerpt":{"rendered":"<p>Adres: Makowisko 126 , Makowisko, Poland, 37-500 Jaros\u0142aw Numer konta bankowego: Bank Sp\u00f3\u0142dzielczy w Jaros\u0142awiu, nr: 97 9096 0004 2001 0086 2581 0001<\/p>\n","protected":false},"author":1,"featured_media":0,"parent":0,"menu_order":0,"comment_status":"closed","ping_status":"open","template":"","meta":{"ngg_post_thumbnail":0,"footnotes":""},"class_list":["post-2","page","type-page","status-publish","hentry"],"_links":{"self":[{"href":"https:\/\/makowisko.przemyska.pl\/index.php\/wp-json\/wp\/v2\/pages\/2","targetHints":{"allow":["GET"]}}],"collection":[{"href":"https:\/\/makowisko.przemyska.pl\/index.php\/wp-json\/wp\/v2\/pages"}],"about":[{"href":"https:\/\/makowisko.przemyska.pl\/index.php\/wp-json\/wp\/v2\/types\/page"}],"author":[{"embeddable":true,"href":"https:\/\/makowisko.przemyska.pl\/index.php\/wp-json\/wp\/v2\/users\/1"}],"replies":[{"embeddable":true,"href":"https:\/\/makowisko.przemyska.pl\/index.php\/wp-json\/wp\/v2\/comments?post=2"}],"version-history":[{"count":1,"href":"https:\/\/makowisko.przemyska.pl\/index.php\/wp-json\/wp\/v2\/pages\/2\/revisions"}],"predecessor-version":[{"id":23,"href":"https:\/\/makowisko.przemyska.pl\/index.php\/wp-json\/wp\/v2\/pages\/2\/revisions\/23"}],"wp:attachment":[{"href":"https:\/\/makowisko.przemyska.pl\/index.php\/wp-json\/wp\/v2\/media?parent=2"}],"curies":[{"name":"wp","href":"https:\/\/api.w.org\/{rel}","templated":true}]}}